{"id":3,"date":"2024-05-30T09:01:03","date_gmt":"2024-05-30T09:01:03","guid":{"rendered":"https:\/\/globalpoints.test\/?page_id=3"},"modified":"2024-06-02T22:20:03","modified_gmt":"2024-06-02T20:20:03","slug":"privacy-policy","status":"publish","type":"page","link":"https:\/\/globalpoints.com\/de\/privacy-policy\/","title":{"rendered":"Datenschutz"},"content":{"rendered":"<h3 class=\"wp-block-heading\">1. Allgemeine Informationen<\/h3>\n\n\n\n<p>Die folgenden Informationen geben einen einfachen \u00dcberblick dar\u00fcber, was mit Ihren personenbezogenen Daten passiert, wenn Sie unsere Website besuchen. Personenbezogene Daten sind alle Daten, mit denen Sie pers\u00f6nlich identifiziert werden k\u00f6nnen. Ausf\u00fchrliche Informationen zum Thema Datenschutz finden Sie in unserer unten aufgef\u00fchrten Datenschutzerkl\u00e4rung.<\/p>\n\n\n\n<h3 class=\"wp-block-heading\">2. Datenerfassung auf unserer Website<\/h3>\n\n\n\n<h4 class=\"wp-block-heading\">Wer ist f\u00fcr die Datenerfassung auf dieser Website verantwortlich?<\/h4>\n\n\n\n<p>Die Datenverarbeitung auf dieser Website erfolgt durch den Betreiber der Website. Die Kontaktdaten des Betreibers finden Sie auf der Seite <a href=\"https:\/\/globalpoints.com\/de\/imprint\/\" data-type=\"page\" data-id=\"15\">Impressum der Website<\/a>.<\/p>\n\n\n\n<h4 class=\"wp-block-heading\">Wie sammeln wir Ihre Daten?<\/h4>\n\n\n\n<p>Ihre Daten werden zum einen dadurch erhoben, dass Sie uns diese zur Verf\u00fcgung stellen. Das k\u00f6nnen z.B. Daten sein, die Sie in ein Kontaktformular eingeben.<\/p>\n\n\n\n<p>Andere Daten werden automatisch von unseren IT-Systemen erfasst, wenn Sie die Website besuchen. Dabei handelt es sich in erster Linie um technische Daten (z.B. Internet-Browser, Betriebssystem oder die Uhrzeit des Seitenbesuchs). Diese Daten werden automatisch erfasst, sobald Sie unsere Website betreten.<\/p>\n\n\n\n<h4 class=\"wp-block-heading\">Wozu verwenden wir Ihre Daten?<\/h4>\n\n\n\n<p>Ein Teil der Daten wird erhoben, um das ordnungsgem\u00e4\u00dfe Funktionieren der Website zu gew\u00e4hrleisten. Andere Daten k\u00f6nnen verwendet werden, um Ihr Nutzerverhalten zu analysieren.<\/p>\n\n\n\n<h3 class=\"wp-block-heading\">3. Allgemeine Informationen und obligatorische Informationen<\/h3>\n\n\n\n<h4 class=\"wp-block-heading\">Datenschutz<\/h4>\n\n\n\n<p>Die Betreiber dieser Seiten nehmen den Schutz Ihrer pers\u00f6nlichen Daten sehr ernst. Wir behandeln Ihre personenbezogenen Daten vertraulich und entsprechend der gesetzlichen Datenschutzvorschriften sowie dieser Datenschutzerkl\u00e4rung.<\/p>\n\n\n\n<p>Wenn Sie diese Website nutzen, werden verschiedene personenbezogene Daten erhoben. Personenbezogene Daten sind Daten, mit denen Sie pers\u00f6nlich identifiziert werden k\u00f6nnen. Diese Datenschutzerkl\u00e4rung erl\u00e4utert, welche Daten wir sammeln und wof\u00fcr wir sie verwenden. Sie erkl\u00e4rt auch, wie und zu welchem Zweck dies geschieht.<\/p>\n\n\n\n<h4 class=\"wp-block-heading\">Hinweis auf die f\u00fcr diese Website verantwortliche Partei<\/h4>\n\n\n\n<p>Der Verantwortliche f\u00fcr die Datenverarbeitung auf dieser Website ist:<\/p>\n\n\n\n<p>GlobalPoints Netzwerk GmbH<br>Reinhardtstr. 29C<br>10117 Berlin<\/p>\n\n\n\n<p>Der Verantwortliche ist die nat\u00fcrliche oder juristische Person, die allein oder gemeinsam mit anderen \u00fcber die Zwecke und Mittel der Verarbeitung personenbezogener Daten (z. B. Namen, E-Mail-Adressen usw.) entscheidet.<\/p>\n\n\n\n<h3 class=\"wp-block-heading\">4. Datenverarbeitung auf dieser Website<\/h3>\n\n\n\n<h4 class=\"wp-block-heading\">Adobe-Schriften<\/h4>\n\n\n\n<p>Unsere Website verwendet zur einheitlichen Darstellung von Schriften Web Fonts der Firma Adobe. Wenn Sie eine Seite aufrufen, l\u00e4dt Ihr Browser die ben\u00f6tigten Webfonts in Ihren Browser-Cache, um Texte und Schriften korrekt darzustellen.<\/p>\n\n\n\n<p>Zu diesem Zweck muss der von Ihnen verwendete Browser eine Verbindung zu den Servern von Adobe herstellen. Hierdurch erh\u00e4lt Adobe Kenntnis dar\u00fcber, dass \u00fcber Ihre IP-Adresse auf unsere Website zugegriffen wurde. Die Verwendung von Adobe Fonts erfolgt im Interesse einer einheitlichen und ansprechenden Darstellung unseres Onlineangebotes. Dies stellt ein berechtigtes Interesse im Sinne von Art. 6(1)(f) GDPR.<\/p>\n\n\n\n<p><strong>Adobes Zertifizierung gem\u00e4\u00df dem EU-US-Datenschutzrahmen:<\/strong><\/p>\n\n\n\n<p>Adobe ist ab Dezember 2023 nach dem neuen EU-U.S. Data Privacy Framework zertifiziert. Diese Zertifizierung gew\u00e4hrleistet, dass Adobe beim Umgang mit personenbezogenen Daten von EU-B\u00fcrgern strenge Datenschutzstandards einh\u00e4lt. Weitere Informationen \u00fcber Adobes Datenschutzpraktiken und die Zertifizierung finden Sie hier: <a href=\"https:\/\/www.adobe.com\/privacy.html\">Adobe Datenschutz-Center<\/a>.<\/p>\n\n\n\n<p>Wenn Ihr Browser keine Webschriftarten unterst\u00fctzt, wird eine Standardschriftart von Ihrem Computer verwendet. Weitere Informationen \u00fcber Adobe-Schriftarten finden Sie unter: <a href=\"https:\/\/www.adobe.com\/privacy\/policies\/adobe-fonts.html\">Adobe-Schriftarten FAQ<\/a>.<\/p>\n\n\n\n<h3 class=\"wp-block-heading\">5. Deine Rechte<\/h3>\n\n\n\n<h4 class=\"wp-block-heading\">Recht auf Information, Sperrung, L\u00f6schung und Berichtigung<\/h4>\n\n\n\n<p>Sie haben im Rahmen der geltenden gesetzlichen Bestimmungen ein Recht auf unentgeltliche Auskunft \u00fcber Ihre gespeicherten personenbezogenen Daten, deren Herkunft und Empf\u00e4nger und den Zweck der Datenverarbeitung sowie ggf. ein Recht auf Berichtigung, Sperrung oder L\u00f6schung dieser Daten. Hierzu sowie zu weiteren Fragen zum Thema personenbezogene Daten k\u00f6nnen Sie sich jederzeit unter der im Impressum angegebenen Adresse an uns wenden.<\/p>\n\n\n\n<h4 class=\"wp-block-heading\">Recht auf Einschr\u00e4nkung der Verarbeitung<\/h4>\n\n\n\n<p>Sie haben das Recht, die Einschr\u00e4nkung der Verarbeitung Ihrer personenbezogenen Daten zu verlangen. Zu diesem Zweck k\u00f6nnen Sie sich jederzeit an uns wenden. Das Recht auf Einschr\u00e4nkung der Verarbeitung besteht in den folgenden F\u00e4llen:<\/p>\n\n\n\n<ul class=\"wp-block-list\">\n<li>Wenn Sie die Richtigkeit Ihrer bei uns gespeicherten personenbezogenen Daten bestreiten, ben\u00f6tigen wir in der Regel Zeit, um diese zu \u00fcberpr\u00fcfen. F\u00fcr die Dauer der \u00dcberpr\u00fcfung haben Sie das Recht, die Einschr\u00e4nkung der Verarbeitung Ihrer personenbezogenen Daten zu verlangen.<\/li>\n\n\n\n<li>Wenn die Verarbeitung Ihrer personenbezogenen Daten unrechtm\u00e4\u00dfig war\/ist, k\u00f6nnen Sie anstelle der L\u00f6schung die Einschr\u00e4nkung der Datenverarbeitung verlangen.<\/li>\n\n\n\n<li>Wenn wir Ihre personenbezogenen Daten nicht mehr ben\u00f6tigen, Sie diese aber zur Geltendmachung, Aus\u00fcbung oder Verteidigung von Rechtsanspr\u00fcchen ben\u00f6tigen, haben Sie das Recht, anstelle der L\u00f6schung die Einschr\u00e4nkung der Verarbeitung Ihrer personenbezogenen Daten zu verlangen.<\/li>\n\n\n\n<li>Wenn Sie einen Widerspruch gem\u00e4\u00df Art. 21(1) DSGVO eingelegt haben, muss eine Abw\u00e4gung zwischen Ihren und unseren Interessen vorgenommen werden. Solange noch nicht klar ist, wessen Interessen \u00fcberwiegen, haben Sie das Recht, die Einschr\u00e4nkung der Verarbeitung Ihrer personenbezogenen Daten zu verlangen.<\/li>\n<\/ul>\n\n\n\n<h3 class=\"wp-block-heading\">6. Recht auf Widerspruch gegen die Datenerhebung in besonderen F\u00e4llen und gegen Direktwerbung (Art. 21 GDPR)<\/h3>\n\n\n\n<p>Erfolgt die Datenverarbeitung auf der Grundlage von Art. 6(1)(e) oder (f) DSGVO beruht, haben Sie das Recht, aus Gr\u00fcnden, die sich aus Ihrer besonderen Situation ergeben, jederzeit gegen die Verarbeitung Ihrer personenbezogenen Daten Widerspruch einzulegen; dies gilt auch f\u00fcr ein auf diese Bestimmungen gest\u00fctztes Profiling. Die jeweilige Rechtsgrundlage, auf die sich die Verarbeitung st\u00fctzt, finden Sie in dieser Datenschutzrichtlinie. Wenn Sie Widerspruch einlegen, werden wir Ihre betroffenen personenbezogenen Daten nicht mehr verarbeiten, es sei denn, wir k\u00f6nnen zwingende schutzw\u00fcrdige Gr\u00fcnde f\u00fcr die Verarbeitung nachweisen, die Ihre Interessen, Rechte und Freiheiten \u00fcberwiegen, oder die Verarbeitung dient der Geltendmachung, Aus\u00fcbung oder Verteidigung von Rechtsanspr\u00fcchen (Widerspruch nach Art. 21(1) GDPR).<\/p>\n\n\n\n<p>Werden Ihre personenbezogenen Daten verarbeitet, um Direktwerbung zu betreiben, so haben Sie das Recht, jederzeit Widerspruch gegen die Verarbeitung Ihrer personenbezogenen Daten zum Zwecke derartiger Werbung einzulegen; dies gilt auch f\u00fcr das Profiling, soweit es mit solcher Direktwerbung in Verbindung steht. Widersprechen Sie, so werden Ihre personenbezogenen Daten in der Folge nicht mehr f\u00fcr Zwecke der Direktwerbung verwendet (Widerspruch gem. Art. 21(2) GDPR).<\/p>\n\n\n\n<h3 class=\"wp-block-heading\">7. Recht auf Einreichung einer Beschwerde bei der zust\u00e4ndigen Aufsichtsbeh\u00f6rde<\/h3>\n\n\n\n<p>Im Falle von Verst\u00f6\u00dfen gegen die DSGVO haben betroffene Personen das Recht, eine Beschwerde bei einer Aufsichtsbeh\u00f6rde einzureichen, insbesondere in dem Mitgliedstaat ihres gew\u00f6hnlichen Aufenthalts, ihres Arbeitsplatzes oder des Ortes des mutma\u00dflichen Versto\u00dfes. Das Recht, eine Beschwerde einzureichen, l\u00e4sst andere verwaltungsrechtliche oder gerichtliche Rechtsbehelfe unber\u00fchrt.<\/p>\n\n\n\n<h3 class=\"wp-block-heading\">8. Datensicherheit<\/h3>\n\n\n\n<p>Wir verwenden das weit verbreitete SSL-Verfahren (Secure Socket Layer) in Verbindung mit der h\u00f6chsten Verschl\u00fcsselungsstufe, die Ihr Browser w\u00e4hrend Ihres Website-Besuchs unterst\u00fctzt. In der Regel ist dies eine 256-Bit-Verschl\u00fcsselung. Sollte Ihr Browser keine 256-Bit-Verschl\u00fcsselung unterst\u00fctzen, verwenden wir stattdessen die 128-Bit-v3-Technologie. Ob eine einzelne Seite unseres Internetauftritts verschl\u00fcsselt \u00fcbertragen wird, erkennen Sie an der geschlossenen Darstellung des Schl\u00fcssel- oder Schloss-Symbols in der unteren Statusleiste Ihres Browsers.<\/p>\n\n\n\n<p>Dar\u00fcber hinaus setzen wir geeignete technische und organisatorische Sicherheitsma\u00dfnahmen ein, um Ihre Daten gegen zuf\u00e4llige oder vors\u00e4tzliche Manipulationen, teilweisen oder vollst\u00e4ndigen Verlust, Zerst\u00f6rung oder gegen den unbefugten Zugriff Dritter zu sch\u00fctzen. Unsere Sicherheitsma\u00dfnahmen werden entsprechend der technologischen Entwicklung fortlaufend verbessert.<\/p>\n\n\n\n<h3 class=\"wp-block-heading\">9. \u00c4nderungen an dieser Datenschutzrichtlinie<\/h3>\n\n\n\n<p>Diese Datenschutzrichtlinie ist derzeit g\u00fcltig und datiert vom Mai 2024.<\/p>\n\n\n\n<p>Durch die Weiterentwicklung unserer Website und Angebote dar\u00fcber oder aufgrund ge\u00e4nderter gesetzlicher beziehungsweise beh\u00f6rdlicher Vorgaben kann es notwendig werden, diese Datenschutzerkl\u00e4rung zu \u00e4ndern. Die jeweils aktuelle Datenschutzerkl\u00e4rung kann jederzeit auf der Website unter der folgenden URL abgerufen und ausgedruckt werden<\/p>","protected":false},"excerpt":{"rendered":"<p>1. General Information The following information provides a simple overview of what happens to your personal data when you visit our website. Personal data is any data with which you could be personally identified. Detailed information on the subject of data protection can be found in our privacy policy listed below. 2. Data Collection on [&hellip;]<\/p>\n","protected":false},"author":1,"featured_media":0,"parent":0,"menu_order":0,"comment_status":"closed","ping_status":"closed","template":"","meta":{"_acf_changed":false,"footnotes":""},"mnc-page-cat":[],"class_list":["post-3","page","type-page","status-publish","hentry"],"acf":[],"_links":{"self":[{"href":"https:\/\/globalpoints.com\/de\/wp-json\/wp\/v2\/pages\/3","targetHints":{"allow":["GET"]}}],"collection":[{"href":"https:\/\/globalpoints.com\/de\/wp-json\/wp\/v2\/pages"}],"about":[{"href":"https:\/\/globalpoints.com\/de\/wp-json\/wp\/v2\/types\/page"}],"author":[{"embeddable":true,"href":"https:\/\/globalpoints.com\/de\/wp-json\/wp\/v2\/users\/1"}],"replies":[{"embeddable":true,"href":"https:\/\/globalpoints.com\/de\/wp-json\/wp\/v2\/comments?post=3"}],"version-history":[{"count":7,"href":"https:\/\/globalpoints.com\/de\/wp-json\/wp\/v2\/pages\/3\/revisions"}],"predecessor-version":[{"id":274,"href":"https:\/\/globalpoints.com\/de\/wp-json\/wp\/v2\/pages\/3\/revisions\/274"}],"wp:attachment":[{"href":"https:\/\/globalpoints.com\/de\/wp-json\/wp\/v2\/media?parent=3"}],"wp:term":[{"taxonomy":"mnc-page-cat","embeddable":true,"href":"https:\/\/globalpoints.com\/de\/wp-json\/wp\/v2\/mnc-page-cat?post=3"}],"curies":[{"name":"wp","href":"https:\/\/api.w.org\/{rel}","templated":true}]}}