{"id":6,"date":"2024-05-30T11:24:45","date_gmt":"2024-05-30T09:24:45","guid":{"rendered":"https:\/\/globalpoints.test\/?page_id=6"},"modified":"2025-01-02T11:54:40","modified_gmt":"2025-01-02T10:54:40","slug":"home","status":"publish","type":"page","link":"https:\/\/globalpoints.com\/de\/","title":{"rendered":"Startseite"},"content":{"rendered":"<h1 class=\"wp-block-heading\">Pay with Products \u2013 not with Cash.<\/h1>\n\n<p>GlobalPoints\u00ae erm\u00f6glicht es jedem B2C-Unternehmen, alternative Zahlungen zu den Grenzkosten ihrer eigenen Produkte oder Dienstleistungen durchzuf\u00fchren.<\/p>\n<p>Mit unserer weltweit einzigartigen L\u00f6sung erzielen Unternehmen Einsparungen von 20% bis 80% bei den Auszahlungen im Vergleich zu Bargeld - und behalten sogar mehr Liquidit\u00e4t. Dar\u00fcber hinaus werden neue Kunden und Ums\u00e4tze ohne zus\u00e4tzliche Marketingausgaben generiert.<\/p>\n\n<figure class=\"wp-block-image size-original-480px\"><img loading=\"lazy\" decoding=\"async\" width=\"480\" height=\"416\" src=\"https:\/\/globalpoints.com\/wp-content\/uploads\/2024\/06\/globalpoints-hand-h900-480x416.png\" alt class=\"wp-image-76\" srcset=\"https:\/\/globalpoints.com\/wp-content\/uploads\/2024\/06\/globalpoints-hand-h900-480x416.png 480w, https:\/\/globalpoints.com\/wp-content\/uploads\/2024\/06\/globalpoints-hand-h900-14x12.png 14w, https:\/\/globalpoints.com\/wp-content\/uploads\/2024\/06\/globalpoints-hand-h900-960x832.png 960w, https:\/\/globalpoints.com\/wp-content\/uploads\/2024\/06\/globalpoints-hand-h900-240x208.png 240w, https:\/\/globalpoints.com\/wp-content\/uploads\/2024\/06\/globalpoints-hand-h900.png 1038w\" sizes=\"auto, (max-width: 480px) 100vw, 480px\" \/><\/figure>\n\n<h2 class=\"wp-block-heading\">Das GlobalPoints\u00ae-System erm\u00f6glicht...<\/h2>\n\n<figure class=\"wp-block-image size-full\"><img decoding=\"async\" src=\"https:\/\/globalpoints.com\/wp-content\/uploads\/2024\/06\/envelope.svg\" alt class=\"wp-image-110\"><\/figure>\n\n... Arbeitgeber k\u00f6nnen ihren Mitarbeitern zu einem Bruchteil der Kosten zus\u00e4tzliche Geh\u00e4lter oder Pr\u00e4mien zahlen, um Personal zu gewinnen und zu halten.\n\n... das Gastgewerbe und die Reisebranche, um Stornierungen in Einnahmen zu verwandeln und Direktbuchungen zu generieren.\n\n<figure class=\"wp-block-image size-full\"><img decoding=\"async\" src=\"https:\/\/globalpoints.com\/wp-content\/uploads\/2024\/06\/chart.svg\" alt class=\"wp-image-109\"><\/figure>\n\n... Einzelh\u00e4ndler und E-Commerce-Unternehmen, um R\u00fcckerstattungen in Einnahmen zu verwandeln und den Direktverkauf an den Verbraucher zu steigern.\n\n<figure class=\"wp-block-image size-full\"><img decoding=\"async\" src=\"https:\/\/globalpoints.com\/wp-content\/uploads\/2024\/06\/moneycircle.svg\" alt class=\"wp-image-111\"><\/figure>\n\n\u2026 und vieles mehr, um den finanziellen Erfolg von B2C-Unternehmen zu unterst\u00fctzen.\n\n<figure class=\"wp-block-image size-full\"><img decoding=\"async\" src=\"https:\/\/globalpoints.com\/wp-content\/uploads\/2024\/06\/rocket.svg\" alt class=\"wp-image-112\"><\/figure>\n\n<h3 class=\"wp-block-heading\">Mehr demn\u00e4chst!<\/h3>","protected":false},"excerpt":{"rendered":"<p>Pay with Products \u2013 not with Cash. GlobalPoints\u00ae enables any B2C company to make alternative payments at only the marginal cost of their own products or services. With our globally unique solution, companies achieve 20% to 80% savings on payouts compared to cash \u2014 and retain even more cash liquidity. In addition, new customers and [&hellip;]<\/p>\n","protected":false},"author":1,"featured_media":0,"parent":0,"menu_order":0,"comment_status":"closed","ping_status":"closed","template":"","meta":{"_acf_changed":false,"footnotes":""},"mnc-page-cat":[],"class_list":["post-6","page","type-page","status-publish","hentry"],"acf":[],"_links":{"self":[{"href":"https:\/\/globalpoints.com\/de\/wp-json\/wp\/v2\/pages\/6","targetHints":{"allow":["GET"]}}],"collection":[{"href":"https:\/\/globalpoints.com\/de\/wp-json\/wp\/v2\/pages"}],"about":[{"href":"https:\/\/globalpoints.com\/de\/wp-json\/wp\/v2\/types\/page"}],"author":[{"embeddable":true,"href":"https:\/\/globalpoints.com\/de\/wp-json\/wp\/v2\/users\/1"}],"replies":[{"embeddable":true,"href":"https:\/\/globalpoints.com\/de\/wp-json\/wp\/v2\/comments?post=6"}],"version-history":[{"count":100,"href":"https:\/\/globalpoints.com\/de\/wp-json\/wp\/v2\/pages\/6\/revisions"}],"predecessor-version":[{"id":410,"href":"https:\/\/globalpoints.com\/de\/wp-json\/wp\/v2\/pages\/6\/revisions\/410"}],"wp:attachment":[{"href":"https:\/\/globalpoints.com\/de\/wp-json\/wp\/v2\/media?parent=6"}],"wp:term":[{"taxonomy":"mnc-page-cat","embeddable":true,"href":"https:\/\/globalpoints.com\/de\/wp-json\/wp\/v2\/mnc-page-cat?post=6"}],"curies":[{"name":"wp","href":"https:\/\/api.w.org\/{rel}","templated":true}]}}